{"id":105,"date":"2018-12-30T17:50:59","date_gmt":"2018-12-30T17:50:59","guid":{"rendered":"http:\/\/florian-alt.org\/unibw\/?page_id=105"},"modified":"2025-03-18T09:34:43","modified_gmt":"2025-03-18T09:34:43","slug":"doctoral-students","status":"publish","type":"page","link":"https:\/\/florian-alt.org\/unibw\/doctoral-students\/","title":{"rendered":"Doctoral Students"},"content":{"rendered":"\n<h2 class=\"wp-block-heading\">Supervisor (graduated)<\/h2>\n\n\n\n<ol class=\"wp-block-list\">\n<li><strong>Prof. Dr. Daniel Buschek<\/strong> (LMU Munich) <br>Defense Date: 25.06.2018<br>Topic: <a  data-e-Disable-Page-Transition=\"true\" class=\"download-link\" title=\"\" href=\"http:\/\/florian-alt.org\/unibw\/download\/1739\/?tmstv=1775380077\" rel=\"nofollow\" id=\"download-link-1739\" >\n\tBehavior-Aware Mobile Touch Interfaces<\/a>\n<br>Current Position: Full Professor at the University of Bayreuth<\/li>\n\n\n\n<li><strong>Dr. Mariam Hassib&nbsp;<\/strong>(LMU Munich)<br>Defense Date: 01.08.2018<br>Topic: <a  data-e-Disable-Page-Transition=\"true\" class=\"download-link\" title=\"\" href=\"http:\/\/florian-alt.org\/unibw\/download\/1742\/?tmstv=1775380077\" rel=\"nofollow\" id=\"download-link-1742\" >\n\tDesigning Communication Technologies based on Physiological Sensing<\/a>\n<br>Current Position: Post-Doc at the research institute Fortiss (Germany)<\/li>\n\n\n\n<li><strong>Prof. Dr. Mohamed Khamis<\/strong> (LMU Munich) <br>Defense Date: 07.08.2018<br>Topic: <a  data-e-Disable-Page-Transition=\"true\" class=\"download-link\" title=\"\" href=\"http:\/\/florian-alt.org\/unibw\/download\/1745\/?tmstv=1775380077\" rel=\"nofollow\" id=\"download-link-1745\" >\n\tGaze Interaction in Public Space<\/a>\n<br>Current Position: Assistant Professor at the University of Glasgow (UK)<\/li>\n\n\n\n<li><strong>Dr. Eva L\u00f6sch<\/strong> (University of the Bundeswehr Munich)<br>Defense Date: 23.01.2020<br>Topic: <a  data-e-Disable-Page-Transition=\"true\" class=\"download-link\" title=\"\" href=\"http:\/\/florian-alt.org\/unibw\/download\/1735\/?tmstv=1775380077\" rel=\"nofollow\" id=\"download-link-1735\" >\n\tUnterst\u00fctzung der Exploration von mehrbenutzerf\u00e4higen interaktiven Informationstafeln im (halb) \u00f6ffentlichen Raum<\/a>\n<\/li>\n\n\n\n<li><strong>Dr. Michael Braun<\/strong> (BMW Group \/ LMU Munich)<br>Defense Date: 27.05.2020<br>Topic: <a  data-e-Disable-Page-Transition=\"true\" class=\"download-link\" title=\"\" href=\"http:\/\/florian-alt.org\/unibw\/download\/2126\/?tmstv=1775380077\" rel=\"nofollow\" id=\"download-link-2126\" >\n\tAffective Automotive User Interfaces<\/a>\n<br>Current Position: Team Leader at BMW Group<\/li>\n\n\n\n<li><strong>Dr. Rivu Radiah<\/strong> (University of the Bundeswehr, Munich)<br>Defense Date: 06.10.2022<br>Topic: <a  data-e-Disable-Page-Transition=\"true\" class=\"download-link\" title=\"\" href=\"http:\/\/florian-alt.org\/unibw\/download\/2394\/?tmstv=1775380077\" rel=\"nofollow\" id=\"download-link-2394\" >\n\tOut-Of-The-Lab Virtual Reality Studies<\/a>\n<br>Current Position: Lecturer at the International University IU (Germany)<\/li>\n\n\n\n<li><strong>Dr. Sarah Prange<\/strong> (LMU Munich)<br>Defense Date: 05.12.2022<br>Topic: <a  data-e-Disable-Page-Transition=\"true\" class=\"download-link\" title=\"\" href=\"http:\/\/florian-alt.org\/unibw\/download\/2397\/?tmstv=1775380078\" rel=\"nofollow\" id=\"download-link-2397\" >\n\tUsable Privacy and Security in Smart Homes<\/a>\n<br>Current Position: Post-Doc at the University of the Bundeswehr Munich (Germany)<\/li>\n\n\n\n<li><strong>Dr. Michael Fr\u00f6hlich <\/strong>(CDTM)<br>Defense Date: 19.12.2022<br>Topic: <a  data-e-Disable-Page-Transition=\"true\" class=\"download-link\" title=\"\" href=\"http:\/\/florian-alt.org\/unibw\/download\/2400\/?tmstv=1775380078\" rel=\"nofollow\" id=\"download-link-2400\" >\n\tUsable Cryptocurrency Systems<\/a>\n<br>Current Position: Researcher at the Center for Digital Technology and Management<\/li>\n\n\n\n<li><strong>Dr. Yasmeen Abdrabou<\/strong> (University of the Bundeswehr, Munich)<br>Defense Date: 23.03.2023<br>Topic: <a  data-e-Disable-Page-Transition=\"true\" class=\"download-link\" title=\"\" href=\"http:\/\/florian-alt.org\/unibw\/download\/2415\/?tmstv=1775380078\" rel=\"nofollow\" id=\"download-link-2415\" >\n\tLeveraging Eye Gaze to Enhance Security Mechanisms<\/a>\n<br>Current Position: Post-Doc at Lancaster University (UK)<\/li>\n\n\n\n<li><strong>Dr. Lukas Mecke<\/strong> (University of the Bundeswehr, Munich)<br>Defense Date: 18.12.2023<br>Topic: <a  data-e-Disable-Page-Transition=\"true\" class=\"download-link\" title=\"\" href=\"http:\/\/florian-alt.org\/unibw\/download\/2756\/?tmstv=1775380078\" rel=\"nofollow\" id=\"download-link-2756\" >\n\tUser-Centered Biometric Interfaces<\/a>\n<\/li>\n<\/ol>\n\n\n\n<hr class=\"wp-block-separator has-css-opacity\"\/>\n\n\n\n<h2 class=\"wp-block-heading\">Supervisor (ongoing)<\/h2>\n\n\n\n<ol class=\"wp-block-list\">\n<li><strong>M.Sc. Felix Dietz<\/strong> (LMU Munich \/ University of the Bundeswehr, Munich)<br>Topic: Physiological Security<\/li>\n\n\n\n<li><strong>M.Sc. Sarah Delgado Rodriguez <\/strong>(LMU Munich \/ University of the Bundeswehr, Munich)<br>Topic: Tangible User Interfaces for Usable Security<\/li>\n\n\n\n<li><strong>M.Sc. Oliver Hein <\/strong>(LMU Munich \/ University of the Bundeswehr, Munich)<br>Topic: Physiology-Aware Mixed Reality User Interfaces<\/li>\n\n\n\n<li><strong>M. Sc. Alexander Nu\u00dfbaum <\/strong>(University of the Bundeswehr, Munich)<br>Topic: Context-aware Phishing Prevention User Interfaces<\/li>\n\n\n\n<li><strong>M.Sc. Doruntina Murtezaj<\/strong> (LMU Munich)<br>Topic: Security-Behavior Enhancing User Interfaces<\/li>\n\n\n\n<li><strong>M.Sc. Verena Winterhalter<\/strong> (LMU Munich)<br>Privacy in Mixed Reality<\/li>\n\n\n\n<li><strong>M.Sc. Daniel Theis<\/strong> (Westf\u00e4lische Hochschule, Gelsenkirchen)<br>Topic: User Interfaces for Digital Identities<\/li>\n<\/ol>\n\n\n\n<p><\/p>\n","protected":false},"excerpt":{"rendered":"<p>Supervisor (graduated) Supervisor (ongoing)<\/p>\n","protected":false},"author":1,"featured_media":0,"parent":0,"menu_order":0,"comment_status":"closed","ping_status":"closed","template":"","meta":{"footnotes":""},"class_list":["post-105","page","type-page","status-publish","hentry"],"_links":{"self":[{"href":"https:\/\/florian-alt.org\/unibw\/wp-json\/wp\/v2\/pages\/105","targetHints":{"allow":["GET"]}}],"collection":[{"href":"https:\/\/florian-alt.org\/unibw\/wp-json\/wp\/v2\/pages"}],"about":[{"href":"https:\/\/florian-alt.org\/unibw\/wp-json\/wp\/v2\/types\/page"}],"author":[{"embeddable":true,"href":"https:\/\/florian-alt.org\/unibw\/wp-json\/wp\/v2\/users\/1"}],"replies":[{"embeddable":true,"href":"https:\/\/florian-alt.org\/unibw\/wp-json\/wp\/v2\/comments?post=105"}],"version-history":[{"count":42,"href":"https:\/\/florian-alt.org\/unibw\/wp-json\/wp\/v2\/pages\/105\/revisions"}],"predecessor-version":[{"id":2979,"href":"https:\/\/florian-alt.org\/unibw\/wp-json\/wp\/v2\/pages\/105\/revisions\/2979"}],"wp:attachment":[{"href":"https:\/\/florian-alt.org\/unibw\/wp-json\/wp\/v2\/media?parent=105"}],"curies":[{"name":"wp","href":"https:\/\/api.w.org\/{rel}","templated":true}]}}