{"id":1524,"date":"2020-01-11T19:36:34","date_gmt":"2020-01-11T19:36:34","guid":{"rendered":"http:\/\/florian-alt.org\/unibw\/?page_id=1524"},"modified":"2024-11-02T22:28:05","modified_gmt":"2024-11-02T22:28:05","slug":"supervised-projects","status":"publish","type":"page","link":"https:\/\/florian-alt.org\/unibw\/supervised-projects\/","title":{"rendered":"Supervised Projects"},"content":{"rendered":"\n<h2 class=\"wp-block-heading\">Einzelpraktikum<\/h2>\n\n\n\n<ol class=\"wp-block-list\">\n<li><strong>Sarah Delgado<\/strong><br><a  data-e-Disable-Page-Transition=\"true\" class=\"download-link\" title=\"\" href=\"http:\/\/florian-alt.org\/unibw\/download\/1917\/?tmstv=1775378902\" rel=\"nofollow\" id=\"download-link-1917\" >\n\tCommunicating User Behaviour by Visualizing Movement Trajectories<\/a>\n<br>Bundeswehr University Munich, Date of Submission: 31.10.2020<\/li>\n<\/ol>\n\n\n\n<hr class=\"wp-block-separator has-alpha-channel-opacity\"\/>\n\n\n\n<h2 class=\"wp-block-heading\">Gruppenpraktikum<\/h2>\n\n\n\n<ol class=\"wp-block-list\">\n<li><strong>Katharina Manicke and Zoe Schreiner<\/strong><br><a  data-e-Disable-Page-Transition=\"true\" class=\"download-link\" title=\"\" href=\"http:\/\/florian-alt.org\/unibw\/download\/2876\/?tmstv=1775378902\" rel=\"nofollow\" id=\"download-link-2876\" >\n\tEine Plattform zur Unterst\u00fctzung der Selbstverpflichtung f\u00fcr sicheres Verhalten<\/a>\n<br>Bundeswehr University Munich, Date of Submission: 02.08.2024<\/li>\n<\/ol>\n\n\n\n<hr class=\"wp-block-separator has-css-opacity\"\/>\n\n\n\n<h2 class=\"wp-block-heading\">Master Projects<\/h2>\n\n\n\n<ol class=\"wp-block-list\">\n<li><strong>Andreas Bungert<\/strong><br><a  data-e-Disable-Page-Transition=\"true\" class=\"download-link\" title=\"\" href=\"http:\/\/florian-alt.org\/unibw\/download\/1595\/?tmstv=1775378902\" rel=\"nofollow\" id=\"download-link-1595\" >\n\tSpEdAssist - Konzept f\u00fcr eine Smartdevice-basierte Unterrichtshilfe f\u00fcr Menschen mit geistiger Behinderung<\/a>\n<br>University of Duisburg-Essen, Date of Submission: 31.01.2016<\/li>\n\n\n\n<li><strong>Dominik Bial<\/strong><br><a  data-e-Disable-Page-Transition=\"true\" class=\"download-link\" title=\"\" href=\"http:\/\/florian-alt.org\/unibw\/download\/1545\/?tmstv=1775378902\" rel=\"nofollow\" id=\"download-link-1545\" >\n\tA Reference Model for Public Display Architectures - Considerations and Requirements for Public Display Services<\/a>\n<br>University of Duisburg-Essen, Date of Submission: 11.01.2011<\/li>\n<\/ol>\n\n\n\n<hr class=\"wp-block-separator has-css-opacity\"\/>\n\n\n\n<h2 class=\"wp-block-heading\">Bachelor Projects<\/h2>\n\n\n\n<ol class=\"wp-block-list\">\n<li><strong>Erhan Eroglu<\/strong><br><a  data-e-Disable-Page-Transition=\"true\" class=\"download-link\" title=\"\" href=\"http:\/\/florian-alt.org\/unibw\/download\/1561\/?tmstv=1775378902\" rel=\"nofollow\" id=\"download-link-1561\" >\n\ttxtSonic - Eine Applikation zur Sonifizierung von Textnachrichten<\/a>\n<br>University of Duisburg-Essen, Date of Submission: 20.01.2012<\/li>\n\n\n\n<li><strong>Markus Stumvoll<\/strong> <br><a  data-e-Disable-Page-Transition=\"true\" class=\"download-link\" title=\"\" href=\"http:\/\/florian-alt.org\/unibw\/download\/1525\/?tmstv=1775378902\" rel=\"nofollow\" id=\"download-link-1525\" >\n\tBridging Waiting Times on Webpages<\/a>\n<br>University of Duisburg-Essen, Date of Submission: 23.03.2011<\/li>\n\n\n\n<li><strong>Christian Reinartz<\/strong><br><a  data-e-Disable-Page-Transition=\"true\" class=\"download-link\" title=\"\" href=\"http:\/\/florian-alt.org\/unibw\/download\/1549\/?tmstv=1775378902\" rel=\"nofollow\" id=\"download-link-1549\" >\n\tBtLocator - An imperceptible Bluetooth-based Location System<\/a>\n<br>University of Duisburg-Essen, Date of Submission: 30.09.2010<\/li>\n\n\n\n<li><strong>Marvin Steinberg<\/strong><br><a  data-e-Disable-Page-Transition=\"true\" class=\"download-link\" title=\"\" href=\"http:\/\/florian-alt.org\/unibw\/download\/1607\/?tmstv=1775378902\" rel=\"nofollow\" id=\"download-link-1607\" >\n\tCar ApPlication System Framework (capsFramework) - A Framework For Visualizing Sensor Data With Apps<\/a>\n<br>University of Duisburg-Essen, Date of Submission: 04.05.2010<\/li>\n\n\n\n<li><strong>Urs Kramer<\/strong><br><a  data-e-Disable-Page-Transition=\"true\" class=\"download-link\" title=\"\" href=\"http:\/\/florian-alt.org\/unibw\/download\/1611\/?tmstv=1775378902\" rel=\"nofollow\" id=\"download-link-1611\" >\n\tBtLocator - An imperceptible Bluetooth-based Location System<\/a>\n<br>University of Duisburg-Essen, Date of Submission: 25.02.2010<\/li>\n\n\n\n<li><strong>Simon Glogowski<\/strong><br><a  data-e-Disable-Page-Transition=\"true\" class=\"download-link\" title=\"\" href=\"http:\/\/florian-alt.org\/unibw\/download\/1599\/?tmstv=1775378902\" rel=\"nofollow\" id=\"download-link-1599\" >\n\tEntwicklung eines interaktiven Frontends f\u00fcr eine kontextsensitive Werbeumgebung<\/a>\n<br>University of Duisburg-Essen, Date of Submission: 14.12.2009<\/li>\n\n\n\n<li><strong>Andreas Fr\u00f6hlich<\/strong><br><a  data-e-Disable-Page-Transition=\"true\" class=\"download-link\" title=\"\" href=\"http:\/\/florian-alt.org\/unibw\/download\/1615\/?tmstv=1775378902\" rel=\"nofollow\" id=\"download-link-1615\" >\n\tIndoor Location mit Bluetooth<\/a>\n<br>University of Duisburg-Essen, Date of Submission: 11.12.2009<\/li>\n\n\n\n<li><strong>Max Pfeiffer<\/strong><br><a  data-e-Disable-Page-Transition=\"true\" class=\"download-link\" title=\"\" href=\"http:\/\/florian-alt.org\/unibw\/download\/1531\/?tmstv=1775378902\" rel=\"nofollow\" id=\"download-link-1531\" >\n\tTaxiMedia: Konzeptionierung und Entwicklung eines \u201eInteraktiven Kopfst\u00fctzen- Informations- und Entertainmentsystems\u201c f\u00fcr Taxis Ausarbeitung<\/a>\n<br>University of Duisburg-Essen, Date of Submission: 07.09.2009<\/li>\n\n\n\n<li><strong>Falk Hoppe<\/strong><br><a  data-e-Disable-Page-Transition=\"true\" class=\"download-link\" title=\"\" href=\"http:\/\/florian-alt.org\/unibw\/download\/1565\/?tmstv=1775378902\" rel=\"nofollow\" id=\"download-link-1565\" >\n\tEvaluating Location-Based Services for Mobile Platforms<\/a>\n<br>University of Duisburg-Essen, Date of Submission: 27.01.2009<\/li>\n<\/ol>\n\n\n\n<hr class=\"wp-block-separator has-css-opacity\"\/>\n\n\n\n<h2 class=\"wp-block-heading\">Study Thesis<\/h2>\n\n\n\n<ol class=\"wp-block-list\">\n<li><strong>Frank Steimle<\/strong><br><a  data-e-Disable-Page-Transition=\"true\" class=\"download-link\" title=\"\" href=\"http:\/\/florian-alt.org\/unibw\/download\/1569\/?tmstv=1775378902\" rel=\"nofollow\" id=\"download-link-1569\" >\n\tEvaluierung der Effizienz von schmiersicheren Passwortsystemen<\/a>\n<br>University of Stuttgart, Date of Submission: 09.10.2013<\/li>\n\n\n\n<li><strong>Mateusz Mikusz<\/strong><br><a  data-e-Disable-Page-Transition=\"true\" class=\"download-link\" title=\"\" href=\"http:\/\/florian-alt.org\/unibw\/download\/1603\/?tmstv=1775378903\" rel=\"nofollow\" id=\"download-link-1603\" >\n\tBlickbasierte Authentifizierung \u2013 Langzeitstudie \u00fcber die Erinnerungsf\u00e4higkeit an graphische Passw\u00f6rter mit und ohne Saliency Mask<\/a>\n<br>University of Stuttgart, Date of Submission: 01.12.2012<\/li>\n<\/ol>\n\n\n\n<hr class=\"wp-block-separator has-css-opacity\"\/>\n\n\n\n<h2 class=\"wp-block-heading\">Seminar Thesis<\/h2>\n\n\n\n<ol class=\"wp-block-list\">\n<li><strong>Dirk Kuschnerus<\/strong><br><a  data-e-Disable-Page-Transition=\"true\" class=\"download-link\" title=\"\" href=\"http:\/\/florian-alt.org\/unibw\/download\/1557\/?tmstv=1775378903\" rel=\"nofollow\" id=\"download-link-1557\" >\n\tImplizite Interaktion mit Internetwerbung unter Verwendung von Eye Tracking<\/a>\n<br>University of Duisburg-Essen, Date of Submission: 09.08.2009<\/li>\n<\/ol>\n\n\n\n<p><\/p>\n","protected":false},"excerpt":{"rendered":"<p>Einzelpraktikum Gruppenpraktikum Master Projects Bachelor Projects Study Thesis Seminar Thesis<\/p>\n","protected":false},"author":1,"featured_media":0,"parent":0,"menu_order":0,"comment_status":"closed","ping_status":"closed","template":"","meta":{"footnotes":""},"class_list":["post-1524","page","type-page","status-publish","hentry"],"_links":{"self":[{"href":"https:\/\/florian-alt.org\/unibw\/wp-json\/wp\/v2\/pages\/1524","targetHints":{"allow":["GET"]}}],"collection":[{"href":"https:\/\/florian-alt.org\/unibw\/wp-json\/wp\/v2\/pages"}],"about":[{"href":"https:\/\/florian-alt.org\/unibw\/wp-json\/wp\/v2\/types\/page"}],"author":[{"embeddable":true,"href":"https:\/\/florian-alt.org\/unibw\/wp-json\/wp\/v2\/users\/1"}],"replies":[{"embeddable":true,"href":"https:\/\/florian-alt.org\/unibw\/wp-json\/wp\/v2\/comments?post=1524"}],"version-history":[{"count":20,"href":"https:\/\/florian-alt.org\/unibw\/wp-json\/wp\/v2\/pages\/1524\/revisions"}],"predecessor-version":[{"id":2881,"href":"https:\/\/florian-alt.org\/unibw\/wp-json\/wp\/v2\/pages\/1524\/revisions\/2881"}],"wp:attachment":[{"href":"https:\/\/florian-alt.org\/unibw\/wp-json\/wp\/v2\/media?parent=1524"}],"curies":[{"name":"wp","href":"https:\/\/api.w.org\/{rel}","templated":true}]}}