{"id":18,"date":"2018-12-30T15:42:14","date_gmt":"2018-12-30T15:42:14","guid":{"rendered":"http:\/\/florian-alt.org\/unibw\/?page_id=18"},"modified":"2025-11-29T22:42:01","modified_gmt":"2025-11-29T22:42:01","slug":"contact","status":"publish","type":"page","link":"https:\/\/florian-alt.org\/unibw\/contact\/","title":{"rendered":"Contact"},"content":{"rendered":"\n<p><strong>Prof. Dr. Florian Alt<\/strong><br>Ludwig-Maximilians-Universit\u00e4t M\u00fcnchen<br>LFE Medieninformatik<br>Frauenlobstra\u00dfe 7a<br>80337 M\u00fcnchen<br><br>Email: florian.alt@ifi.lmu.de<br>Phone: +49 89 2180 &#8211; 75101<br><br><\/p>\n","protected":false},"excerpt":{"rendered":"<p>Prof. Dr. Florian AltLudwig-Maximilians-Universit\u00e4t M\u00fcnchenLFE MedieninformatikFrauenlobstra\u00dfe 7a80337 M\u00fcnchen Email: florian.alt@ifi.lmu.dePhone: +49 89 2180 &#8211; 75101<\/p>\n","protected":false},"author":1,"featured_media":0,"parent":0,"menu_order":0,"comment_status":"closed","ping_status":"closed","template":"","meta":{"footnotes":""},"class_list":["post-18","page","type-page","status-publish","hentry"],"_links":{"self":[{"href":"https:\/\/florian-alt.org\/unibw\/wp-json\/wp\/v2\/pages\/18","targetHints":{"allow":["GET"]}}],"collection":[{"href":"https:\/\/florian-alt.org\/unibw\/wp-json\/wp\/v2\/pages"}],"about":[{"href":"https:\/\/florian-alt.org\/unibw\/wp-json\/wp\/v2\/types\/page"}],"author":[{"embeddable":true,"href":"https:\/\/florian-alt.org\/unibw\/wp-json\/wp\/v2\/users\/1"}],"replies":[{"embeddable":true,"href":"https:\/\/florian-alt.org\/unibw\/wp-json\/wp\/v2\/comments?post=18"}],"version-history":[{"count":5,"href":"https:\/\/florian-alt.org\/unibw\/wp-json\/wp\/v2\/pages\/18\/revisions"}],"predecessor-version":[{"id":3136,"href":"https:\/\/florian-alt.org\/unibw\/wp-json\/wp\/v2\/pages\/18\/revisions\/3136"}],"wp:attachment":[{"href":"https:\/\/florian-alt.org\/unibw\/wp-json\/wp\/v2\/media?parent=18"}],"curies":[{"name":"wp","href":"https:\/\/api.w.org\/{rel}","templated":true}]}}