{"id":85,"date":"2018-12-30T17:43:14","date_gmt":"2018-12-30T17:43:14","guid":{"rendered":"http:\/\/florian-alt.org\/unibw\/?page_id=85"},"modified":"2023-11-03T13:06:16","modified_gmt":"2023-11-03T13:06:16","slug":"current-courses","status":"publish","type":"page","link":"https:\/\/florian-alt.org\/unibw\/current-courses\/","title":{"rendered":"Current Courses"},"content":{"rendered":"\n<hr class=\"wp-block-separator has-css-opacity\"\/>\n\n\n\n<h3 class=\"wp-block-heading\">Benutzbare Sicherheit<\/h3>\n\n\n\n<p>Diese Vorlesung gibt einen \u00dcberblick \u00fcber Herausforderungen hinsichtlich der Benutzbarkeit sicherer und benutzbarer Systeme. Die Studierenden lernen verschiedene Sicherheits-Mechanismen und mentale Modelle der Benutzer kennen. Zudem erhalten sie eine Einf\u00fchrung in die Modellierung von Bedrohungen. Insbesondere behandelt die Veranstaltung aktuelle Themen der Benutzbaren Sicherheit, unter anderem, Authentifizierung, Passw\u00f6rter und Social Engineering. Die Lehrveranstaltung richtet sich sowohl an Studierende, die an Sicherheit und Datenschutz interessiert sind und mehr\u00fcber Benutzbarkeit erfahren m\u00f6chten, als auch an Studierende, die an Benutzbarkeit interessiert sind, aber mehr \u00fcber Sicherheit und Datenschutz erfahren m\u00f6chten.<\/p>\n\n\n\n<h3 class=\"wp-block-heading\">Sichere Mensch-Maschine Schnittstellen<\/h3>\n\n\n\n<hr class=\"wp-block-separator has-css-opacity\"\/>\n\n\n\n<p>Die Vorlesung vermittelt Grundlagenwissen f\u00fcr die Konzeption, das Design und die Evaluierung benutzbarer und gleichzeitig sicherer Mensch-Maschine-Schnittstellen. Hierf\u00fcr werden im ersten Teil die Informationsverarbeitung des Menschen (physiologische und psychologische Grundlagen, Modelle, Handlungsprozesse) sowie die technische Realisierung von Benutzungsschnittstellen (Ein- und Ausgabeger\u00e4te, Interaktionsstile) behandelt sowie benutzerorientierte Entwurfsprozesse, Richtlinien und Standards f\u00fcr Benutzbarkeit und Sicherheit vorgestellt. Der zweite Teil widmet sich der Evaluation und der Bewertung von Mensch-Maschine Schnittstellen hinsichtlich verschiedener Kriterien. Dies erfordert ein breites Wissen in der Forschungsmethodik. Daher werden verschiedene Studientypen (z.B. deskriptive Studien, relationale Studien, experimentelle Studien), Studienparadigmen (u.a. Ethnographie, Laborstudien, Feldstudien, Deployments) sowie Datenerhebungsmethoden (z.B. Frageb\u00f6gen, Interviews, Beobachtungen, Experience Sampling und Crowdsourcing) behandelt.&nbsp;<\/p>\n\n\n\n<hr class=\"wp-block-separator has-css-opacity\"\/>\n\n\n\n<h3 class=\"wp-block-heading\">Design Sicherer and Benutzbarer Systeme<\/h3>\n\n\n\n<p>Ziel dieses Praktikums ist das Erlernen benutzer-zentrierter Techniken f\u00fcr die Konzeption, das Design und die Umsetzung sicherer und benutzbarer Systeme. Die Teilnehmer dieser Lehrveranstaltung erhalten eine detaillierte Einf\u00fchrung in den benutzer-zentrierten Designprozess. In kleinen Gruppen werden neuartige Konzepte erarbeitet. Ausgew\u00e4hlte Konzept werden anschlie\u00dfend prototypisch umgesetzt und mithilfe von Benutzerstudien hinsichtlich Sicherheit und Benutzbarkeit getestet.<\/p>\n\n\n\n<hr class=\"wp-block-separator has-alpha-channel-opacity\"\/>\n\n\n\n<h3 class=\"wp-block-heading\">Software Ergonomie<\/h3>\n\n\n\n<p>In der Vorlesung und \u00dcbung zur Software-Ergonomie eignen sich die Studierenden die arbeitswissenschaftlichen und technischen Grundlagen der Software-Ergonomie an. Sie erwerben die Kompetenz, vorgelegte Software nach Nutzbarkeitsaspekten zu analysieren und zu bewerten. Den Studierenden sind nach erfolgreichem Bestehen des Moduls die Grundz\u00fcge des nutzerzentrierten Entwurfs von Mensch-Maschine-Schnittstellen gel\u00e4ufig.Sie sind danach bef\u00e4higt, diese Konzepte bei der Entwicklung eigener Software-Systeme geeignet zu ber\u00fccksichtigen.<\/p>\n\n\n\n<p><\/p>\n","protected":false},"excerpt":{"rendered":"<p>Benutzbare Sicherheit Diese Vorlesung gibt einen \u00dcberblick \u00fcber Herausforderungen hinsichtlich der Benutzbarkeit sicherer und benutzbarer Systeme. Die Studierenden lernen verschiedene Sicherheits-Mechanismen und mentale Modelle der Benutzer kennen. Zudem erhalten sie eine Einf\u00fchrung in die Modellierung von Bedrohungen. Insbesondere behandelt die Veranstaltung aktuelle Themen der Benutzbaren Sicherheit, unter anderem, Authentifizierung, Passw\u00f6rter und Social Engineering. Die Lehrveranstaltung [&hellip;]<\/p>\n","protected":false},"author":1,"featured_media":0,"parent":0,"menu_order":0,"comment_status":"closed","ping_status":"closed","template":"","meta":{"footnotes":""},"class_list":["post-85","page","type-page","status-publish","hentry"],"_links":{"self":[{"href":"https:\/\/florian-alt.org\/unibw\/wp-json\/wp\/v2\/pages\/85","targetHints":{"allow":["GET"]}}],"collection":[{"href":"https:\/\/florian-alt.org\/unibw\/wp-json\/wp\/v2\/pages"}],"about":[{"href":"https:\/\/florian-alt.org\/unibw\/wp-json\/wp\/v2\/types\/page"}],"author":[{"embeddable":true,"href":"https:\/\/florian-alt.org\/unibw\/wp-json\/wp\/v2\/users\/1"}],"replies":[{"embeddable":true,"href":"https:\/\/florian-alt.org\/unibw\/wp-json\/wp\/v2\/comments?post=85"}],"version-history":[{"count":14,"href":"https:\/\/florian-alt.org\/unibw\/wp-json\/wp\/v2\/pages\/85\/revisions"}],"predecessor-version":[{"id":2664,"href":"https:\/\/florian-alt.org\/unibw\/wp-json\/wp\/v2\/pages\/85\/revisions\/2664"}],"wp:attachment":[{"href":"https:\/\/florian-alt.org\/unibw\/wp-json\/wp\/v2\/media?parent=85"}],"curies":[{"name":"wp","href":"https:\/\/api.w.org\/{rel}","templated":true}]}}